{"id":300,"date":"2021-10-08T09:30:02","date_gmt":"2021-10-08T09:30:02","guid":{"rendered":"https:\/\/wj.com.hr\/?page_id=300"},"modified":"2022-09-29T10:16:55","modified_gmt":"2022-09-29T10:16:55","slug":"polica-privatnosti","status":"publish","type":"page","link":"https:\/\/wj.com.hr\/en\/polica-privatnosti\/","title":{"rendered":"Privacy Policy"},"content":{"rendered":"<div data-elementor-type=\"wp-post\" data-elementor-id=\"300\" class=\"elementor elementor-300\">\n\t\t\t\t\t\t\t\t\t<section class=\"elementor-section elementor-top-section elementor-element elementor-element-7502cc7 elementor-section-boxed elementor-section-height-default elementor-section-height-default\" data-id=\"7502cc7\" data-element_type=\"section\" data-settings=\"{&quot;shape_divider_top&quot;:&quot;tilt&quot;}\">\n\t\t\t\t\t<div class=\"elementor-shape elementor-shape-top\" data-negative=\"false\">\n\t\t\t<svg xmlns=\"http:\/\/www.w3.org\/2000\/svg\" viewbox=\"0 0 1000 100\" preserveaspectratio=\"none\">\n\t<path class=\"elementor-shape-fill\" d=\"M0,6V0h1000v100L0,6z\"\/>\n<\/svg>\t\t<\/div>\n\t\t\t\t\t<div class=\"elementor-container elementor-column-gap-default\">\n\t\t\t\t\t<div class=\"elementor-column elementor-col-100 elementor-top-column elementor-element elementor-element-27a6f27\" data-id=\"27a6f27\" data-element_type=\"column\">\n\t\t\t<div class=\"elementor-widget-wrap elementor-element-populated\">\n\t\t\t\t\t\t\t\t<div class=\"elementor-element elementor-element-9092ded elementor-widget elementor-widget-heading\" data-id=\"9092ded\" data-element_type=\"widget\" data-widget_type=\"heading.default\">\n\t\t\t\t<div class=\"elementor-widget-container\">\n\t\t\t<style>\/*! elementor - v3.11.5 - 14-03-2023 *\/\n.elementor-heading-title{padding:0;margin:0;line-height:1}.elementor-widget-heading .elementor-heading-title[class*=elementor-size-]>a{color:inherit;font-size:inherit;line-height:inherit}.elementor-widget-heading .elementor-heading-title.elementor-size-small{font-size:15px}.elementor-widget-heading .elementor-heading-title.elementor-size-medium{font-size:19px}.elementor-widget-heading .elementor-heading-title.elementor-size-large{font-size:29px}.elementor-widget-heading .elementor-heading-title.elementor-size-xl{font-size:39px}.elementor-widget-heading .elementor-heading-title.elementor-size-xxl{font-size:59px}<\/style><h2 class=\"elementor-heading-title elementor-size-default\">Privacy policy<\/h2>\t\t<\/div>\n\t\t\t\t<\/div>\n\t\t\t\t<div class=\"elementor-element elementor-element-779b467 elementor-widget elementor-widget-heading\" data-id=\"779b467\" data-element_type=\"widget\" data-widget_type=\"heading.default\">\n\t\t\t\t<div class=\"elementor-widget-container\">\n\t\t\t<h2 class=\"elementor-heading-title elementor-size-default\">\nPrivacy Policy<\/h2>\t\t<\/div>\n\t\t\t\t<\/div>\n\t\t\t\t<div class=\"elementor-element elementor-element-24f6d2e elementor-widget elementor-widget-text-editor\" data-id=\"24f6d2e\" data-element_type=\"widget\" data-widget_type=\"text-editor.default\">\n\t\t\t\t<div class=\"elementor-widget-container\">\n\t\t\t<style>\/*! elementor - v3.11.5 - 14-03-2023 *\/\n.elementor-widget-text-editor.elementor-drop-cap-view-stacked .elementor-drop-cap{background-color:#818a91;color:#fff}.elementor-widget-text-editor.elementor-drop-cap-view-framed .elementor-drop-cap{color:#818a91;border:3px solid;background-color:transparent}.elementor-widget-text-editor:not(.elementor-drop-cap-view-default) .elementor-drop-cap{margin-top:8px}.elementor-widget-text-editor:not(.elementor-drop-cap-view-default) .elementor-drop-cap-letter{width:1em;height:1em}.elementor-widget-text-editor .elementor-drop-cap{float:left;text-align:center;line-height:1;font-size:50px}.elementor-widget-text-editor .elementor-drop-cap-letter{display:inline-block}<\/style>\t\t\t\t<p>Your privacy is our major concern. Thus is why we have developed Privacy rules for the visitors of our site. They describe how and for what purpose the company of LOGIC MARKETING d.o.o. acquires and how it uses your personal data. We would be obliged if you get to become acquainted with our privacy practices and let us know if you have any questions or suggestions on the topic.<\/p>\t\t\t\t\t\t<\/div>\n\t\t\t\t<\/div>\n\t\t\t\t\t<\/div>\n\t\t<\/div>\n\t\t\t\t\t\t\t<\/div>\n\t\t<\/section>\n\t\t\t\t<section class=\"elementor-section elementor-top-section elementor-element elementor-element-b80671f elementor-section-boxed elementor-section-height-default elementor-section-height-default\" data-id=\"b80671f\" data-element_type=\"section\">\n\t\t\t\t\t\t<div class=\"elementor-container elementor-column-gap-default\">\n\t\t\t\t\t<div class=\"elementor-column elementor-col-100 elementor-top-column elementor-element elementor-element-df16169\" data-id=\"df16169\" data-element_type=\"column\">\n\t\t\t<div class=\"elementor-widget-wrap elementor-element-populated\">\n\t\t\t\t\t\t\t\t<div class=\"elementor-element elementor-element-cab2055 elementor-widget elementor-widget-heading\" data-id=\"cab2055\" data-element_type=\"widget\" data-widget_type=\"heading.default\">\n\t\t\t\t<div class=\"elementor-widget-container\">\n\t\t\t<h2 class=\"elementor-heading-title elementor-size-default\">Acquiring and using personal data<\/h2>\t\t<\/div>\n\t\t\t\t<\/div>\n\t\t\t\t<div class=\"elementor-element elementor-element-dc4cdb9 elementor-widget elementor-widget-text-editor\" data-id=\"dc4cdb9\" data-element_type=\"widget\" data-widget_type=\"text-editor.default\">\n\t\t\t\t<div class=\"elementor-widget-container\">\n\t\t\t\t\t\t\t<p>Your personal data can be acquired through communications available under the heading \u201eContacts\u201c at our web site, which include your name, postal address, e-mail address, telephone number and fax number. You can also voluntarily put at our disposal the data associated with you, your requests and commentaries. We are, however, urging you to offer only your personal data that are necessary for us to offer particular answers to your requests and commentaries.\nWe can also use cookies or similar technologies that acquire particular data on the use of Internet sites, when you open, watch or use our Internet sites. Cookie is a data file positioned in the computer or mobile device, which helps in better understanding of user behaviour, indicate the parts of our internet site that has been visited, and also enables the implementation of efficiency measures for our advertisements and Internet browser. The data acquired with the help of \u201ecookies\u201c and other similar technologies are treated as non-personal data. Cookies can be disabled in your browsing settings (for example, under \u201epreferences\u201c or \u201einternet options of your browser). However, you should keep in mind the possibility that some of the site properties might not function normally if you disable the cookies.<\/p>\t\t\t\t\t\t<\/div>\n\t\t\t\t<\/div>\n\t\t\t\t\t<\/div>\n\t\t<\/div>\n\t\t\t\t\t\t\t<\/div>\n\t\t<\/section>\n\t\t\t\t<section class=\"elementor-section elementor-top-section elementor-element elementor-element-68a0dd3 elementor-section-boxed elementor-section-height-default elementor-section-height-default\" data-id=\"68a0dd3\" data-element_type=\"section\">\n\t\t\t\t\t\t<div class=\"elementor-container elementor-column-gap-default\">\n\t\t\t\t\t<div class=\"elementor-column elementor-col-100 elementor-top-column elementor-element elementor-element-d764a1c\" data-id=\"d764a1c\" data-element_type=\"column\">\n\t\t\t<div class=\"elementor-widget-wrap elementor-element-populated\">\n\t\t\t\t\t\t\t\t<div class=\"elementor-element elementor-element-67cb87b elementor-widget elementor-widget-heading\" data-id=\"67cb87b\" data-element_type=\"widget\" data-widget_type=\"heading.default\">\n\t\t\t\t<div class=\"elementor-widget-container\">\n\t\t\t<h2 class=\"elementor-heading-title elementor-size-default\">How do we use the acquired data?<\/h2>\t\t<\/div>\n\t\t\t\t<\/div>\n\t\t\t\t<div class=\"elementor-element elementor-element-9f66c05 elementor-widget elementor-widget-text-editor\" data-id=\"9f66c05\" data-element_type=\"widget\" data-widget_type=\"text-editor.default\">\n\t\t\t\t<div class=\"elementor-widget-container\">\n\t\t\t\t\t\t\t<p>Personal data are used to answer to your commentaries and requests, to improve our Internet site and make your experience in using our sites more profitable and pleasant, and to identify the problems occurring in our computer servers. Your personal data will be saved only during the period they are necessary for the above purposes. After this period, your personal data will be deleted.<\/p>\t\t\t\t\t\t<\/div>\n\t\t\t\t<\/div>\n\t\t\t\t\t<\/div>\n\t\t<\/div>\n\t\t\t\t\t\t\t<\/div>\n\t\t<\/section>\n\t\t\t\t<section class=\"elementor-section elementor-top-section elementor-element elementor-element-e48b280 elementor-section-boxed elementor-section-height-default elementor-section-height-default\" data-id=\"e48b280\" data-element_type=\"section\">\n\t\t\t\t\t\t<div class=\"elementor-container elementor-column-gap-default\">\n\t\t\t\t\t<div class=\"elementor-column elementor-col-100 elementor-top-column elementor-element elementor-element-800b9be\" data-id=\"800b9be\" data-element_type=\"column\">\n\t\t\t<div class=\"elementor-widget-wrap elementor-element-populated\">\n\t\t\t\t\t\t\t\t<div class=\"elementor-element elementor-element-97abebe elementor-widget elementor-widget-heading\" data-id=\"97abebe\" data-element_type=\"widget\" data-widget_type=\"heading.default\">\n\t\t\t\t<div class=\"elementor-widget-container\">\n\t\t\t<h2 class=\"elementor-heading-title elementor-size-default\">How can personal data be released to third parties?<\/h2>\t\t<\/div>\n\t\t\t\t<\/div>\n\t\t\t\t<div class=\"elementor-element elementor-element-ae0ffb7 elementor-widget elementor-widget-text-editor\" data-id=\"ae0ffb7\" data-element_type=\"widget\" data-widget_type=\"text-editor.default\">\n\t\t\t\t<div class=\"elementor-widget-container\">\n\t\t\t\t\t\t\t<p>The company of W-J can release your personal data only and exclusively to the other companies and our business partners in order to comply with your requirements or for the purpose of delivering and improving our products. You will be contacted for marketing purposes only if you have expressed your approval beforehand. The W-J takes the responsibility and obligation of keeping your personal data safe and strictly confidential, while any form of releasing or giving in any other manner your data to third parties, apart from the above mentioned purposes, is strictly forbidden.<\/p>\t\t\t\t\t\t<\/div>\n\t\t\t\t<\/div>\n\t\t\t\t\t<\/div>\n\t\t<\/div>\n\t\t\t\t\t\t\t<\/div>\n\t\t<\/section>\n\t\t\t\t<section class=\"elementor-section elementor-top-section elementor-element elementor-element-ca253cd elementor-section-boxed elementor-section-height-default elementor-section-height-default\" data-id=\"ca253cd\" data-element_type=\"section\">\n\t\t\t\t\t\t<div class=\"elementor-container elementor-column-gap-default\">\n\t\t\t\t\t<div class=\"elementor-column elementor-col-100 elementor-top-column elementor-element elementor-element-9890fb1\" data-id=\"9890fb1\" data-element_type=\"column\">\n\t\t\t<div class=\"elementor-widget-wrap elementor-element-populated\">\n\t\t\t\t\t\t\t\t<div class=\"elementor-element elementor-element-b68dbfc elementor-widget elementor-widget-heading\" data-id=\"b68dbfc\" data-element_type=\"widget\" data-widget_type=\"heading.default\">\n\t\t\t\t<div class=\"elementor-widget-container\">\n\t\t\t<h2 class=\"elementor-heading-title elementor-size-default\">Links<\/h2>\t\t<\/div>\n\t\t\t\t<\/div>\n\t\t\t\t<div class=\"elementor-element elementor-element-7140e8b elementor-widget elementor-widget-text-editor\" data-id=\"7140e8b\" data-element_type=\"widget\" data-widget_type=\"text-editor.default\">\n\t\t\t\t<div class=\"elementor-widget-container\">\n\t\t\t\t\t\t\t<p>Internet site can contain links to other sites, maintained by third parties, the information of which, as well as their privacy policy, can differ from ours. We cannot be responsible for the information and privacy rules applied or released by these third parties. We advise strongly that you should read privacy rules of all the internet sites of the third parties, prior to visiting these sites or releasing any personal data, or some other important information, via such internet sites.<\/p>\t\t\t\t\t\t<\/div>\n\t\t\t\t<\/div>\n\t\t\t\t\t<\/div>\n\t\t<\/div>\n\t\t\t\t\t\t\t<\/div>\n\t\t<\/section>\n\t\t\t\t<section class=\"elementor-section elementor-top-section elementor-element elementor-element-84feaeb elementor-section-boxed elementor-section-height-default elementor-section-height-default\" data-id=\"84feaeb\" data-element_type=\"section\">\n\t\t\t\t\t\t<div class=\"elementor-container elementor-column-gap-default\">\n\t\t\t\t\t<div class=\"elementor-column elementor-col-100 elementor-top-column elementor-element elementor-element-87c95af\" data-id=\"87c95af\" data-element_type=\"column\">\n\t\t\t<div class=\"elementor-widget-wrap elementor-element-populated\">\n\t\t\t\t\t\t\t\t<div class=\"elementor-element elementor-element-1ddd403 elementor-widget elementor-widget-heading\" data-id=\"1ddd403\" data-element_type=\"widget\" data-widget_type=\"heading.default\">\n\t\t\t\t<div class=\"elementor-widget-container\">\n\t\t\t<h2 class=\"elementor-heading-title elementor-size-default\">Your rights<\/h2>\t\t<\/div>\n\t\t\t\t<\/div>\n\t\t\t\t<div class=\"elementor-element elementor-element-0b2ee72 elementor-widget elementor-widget-text-editor\" data-id=\"0b2ee72\" data-element_type=\"widget\" data-widget_type=\"text-editor.default\">\n\t\t\t\t<div class=\"elementor-widget-container\">\n\t\t\t\t\t\t\t<p>You are entitles, at all times and with no fee, ask for the information on your personal data that we have saved, as well as for the information on the data we have that concern you, and\/or to change or erase your data in our files. You are also entitled to ask for correction or deletion of any incorrect piece of information in the same way (by e-mail), or you can call us in case you have any questions in connection with the above privacy rules.<\/p>\t\t\t\t\t\t<\/div>\n\t\t\t\t<\/div>\n\t\t\t\t\t<\/div>\n\t\t<\/div>\n\t\t\t\t\t\t\t<\/div>\n\t\t<\/section>\n\t\t\t\t<section class=\"elementor-section elementor-top-section elementor-element elementor-element-ddf4cb0 elementor-section-boxed elementor-section-height-default elementor-section-height-default\" data-id=\"ddf4cb0\" data-element_type=\"section\" data-settings=\"{&quot;shape_divider_bottom&quot;:&quot;tilt&quot;}\">\n\t\t\t\t\t<div class=\"elementor-shape elementor-shape-bottom\" data-negative=\"false\">\n\t\t\t<svg xmlns=\"http:\/\/www.w3.org\/2000\/svg\" viewbox=\"0 0 1000 100\" preserveaspectratio=\"none\">\n\t<path class=\"elementor-shape-fill\" d=\"M0,6V0h1000v100L0,6z\"\/>\n<\/svg>\t\t<\/div>\n\t\t\t\t\t<div class=\"elementor-container elementor-column-gap-default\">\n\t\t\t\t\t<div class=\"elementor-column elementor-col-100 elementor-top-column elementor-element elementor-element-0c542d0\" data-id=\"0c542d0\" data-element_type=\"column\">\n\t\t\t<div class=\"elementor-widget-wrap elementor-element-populated\">\n\t\t\t\t\t\t\t\t<div class=\"elementor-element elementor-element-6f4b5d7 elementor-widget elementor-widget-heading\" data-id=\"6f4b5d7\" data-element_type=\"widget\" data-widget_type=\"heading.default\">\n\t\t\t\t<div class=\"elementor-widget-container\">\n\t\t\t<h2 class=\"elementor-heading-title elementor-size-default\">Privacy rules changes<\/h2>\t\t<\/div>\n\t\t\t\t<\/div>\n\t\t\t\t<div class=\"elementor-element elementor-element-ea040f1 elementor-widget elementor-widget-text-editor\" data-id=\"ea040f1\" data-element_type=\"widget\" data-widget_type=\"text-editor.default\">\n\t\t\t\t<div class=\"elementor-widget-container\">\n\t\t\t\t\t\t\t<p>The W-J has the right to change these Privacy rules at any time. We strongly advice these Rules should be regularly visited by our customers and business partners, so as to keep being informed on possible changes and innovations.<\/p>\t\t\t\t\t\t<\/div>\n\t\t\t\t<\/div>\n\t\t\t\t\t<\/div>\n\t\t<\/div>\n\t\t\t\t\t\t\t<\/div>\n\t\t<\/section>\n\t\t\t\t\t\t\t<\/div>","protected":false},"excerpt":{"rendered":"<p>polica privatnosti Pravila privatnosti Va\u0161a nam je privatnost va\u017ena. Zbog toga smo razvili Pravila privatnosti posjetitelja na\u0161e Internet stranice koja opisuju kako i u koje svrhe W-J prikuplja te kako koristi va\u0161e osobne podatke. Molimo Vas da se upoznate s na\u0161om praksom za\u0161tite privatnosti i javite nam ako imate bilo kakvih pitanja. Prikupljanje i kori\u0161tenje [&hellip;]<\/p>","protected":false},"author":1,"featured_media":0,"parent":0,"menu_order":0,"comment_status":"closed","ping_status":"closed","template":"elementor_header_footer","meta":{"footnotes":""},"class_list":["post-300","page","type-page","status-publish","hentry"],"_links":{"self":[{"href":"https:\/\/wj.com.hr\/en\/wp-json\/wp\/v2\/pages\/300","targetHints":{"allow":["GET"]}}],"collection":[{"href":"https:\/\/wj.com.hr\/en\/wp-json\/wp\/v2\/pages"}],"about":[{"href":"https:\/\/wj.com.hr\/en\/wp-json\/wp\/v2\/types\/page"}],"author":[{"embeddable":true,"href":"https:\/\/wj.com.hr\/en\/wp-json\/wp\/v2\/users\/1"}],"replies":[{"embeddable":true,"href":"https:\/\/wj.com.hr\/en\/wp-json\/wp\/v2\/comments?post=300"}],"version-history":[{"count":49,"href":"https:\/\/wj.com.hr\/en\/wp-json\/wp\/v2\/pages\/300\/revisions"}],"predecessor-version":[{"id":2993,"href":"https:\/\/wj.com.hr\/en\/wp-json\/wp\/v2\/pages\/300\/revisions\/2993"}],"wp:attachment":[{"href":"https:\/\/wj.com.hr\/en\/wp-json\/wp\/v2\/media?parent=300"}],"curies":[{"name":"wp","href":"https:\/\/api.w.org\/{rel}","templated":true}]}}